{"id":803,"date":"2021-02-26T14:40:13","date_gmt":"2021-02-26T13:40:13","guid":{"rendered":"http:\/\/planete-grands-crus.fr\/blog-vin-et-coquetterie\/"},"modified":"2021-02-26T14:40:15","modified_gmt":"2021-02-26T13:40:15","slug":"blog-vin-et-coquetterie","status":"publish","type":"page","link":"https:\/\/planete-grands-crus.fr\/en\/blog-vin-et-coquetterie\/","title":{"rendered":"Blog &#8211; Vin et coquetterie"},"content":{"rendered":"\t\t<div data-elementor-type=\"wp-page\" data-elementor-id=\"803\" class=\"elementor elementor-803 elementor-46\">\n\t\t\t\t\t\t\t\t\t<section class=\"elementor-section elementor-top-section elementor-element elementor-element-axm2p4l elementor-section-height-min-height elementor-section-boxed elementor-section-height-default elementor-section-items-middle\" data-id=\"axm2p4l\" data-element_type=\"section\" data-settings=\"{&quot;background_background&quot;:&quot;classic&quot;}\">\n\t\t\t\t\t\t\t<div class=\"elementor-background-overlay\"><\/div>\n\t\t\t\t\t\t\t<div class=\"elementor-container elementor-column-gap-default\">\n\t\t\t\t\t<div class=\"elementor-column elementor-col-100 elementor-top-column elementor-element elementor-element-eg989yn\" data-id=\"eg989yn\" data-element_type=\"column\">\n\t\t\t<div class=\"elementor-widget-wrap elementor-element-populated\">\n\t\t\t\t\t\t\t\t<div class=\"elementor-element elementor-element-dy8ht18 elementor-widget elementor-widget-spacer\" data-id=\"dy8ht18\" data-element_type=\"widget\" data-widget_type=\"spacer.default\">\n\t\t\t\t<div class=\"elementor-widget-container\">\n\t\t\t\t\t<div class=\"elementor-spacer\">\n\t\t\t<div class=\"elementor-spacer-inner\"><\/div>\n\t\t<\/div>\n\t\t\t\t<\/div>\n\t\t\t\t<\/div>\n\t\t\t\t<div class=\"elementor-element elementor-element-6e0rano elementor-view-framed elementor-shape-circle elementor-position-top elementor-widget elementor-widget-themo-header\" data-id=\"6e0rano\" data-element_type=\"widget\" data-widget_type=\"themo-header.default\">\n\t\t\t\t<div class=\"elementor-widget-container\">\n\t\t\t\t\t<div class=\"th-header-wrap\">\n        <div class=\"elementor-icon-box-wrapper \">\n                            <div class=\"elementor-icon-box-content\">\n                    <h1 class=\"elementor-icon-box-title\">\n                        Vin et coquetterie                    <\/h1>\n                                        <p class=\"elementor-icon-box-description\">by Flovy &amp; Gigi @vin_et_coquetterie\n\n\ud83c\udf77Wine anecdotes \ud83e\udd9e Wine &amp; Food Lovers \ud83d\ude81 Exclusive Wine Tour \ud83c\uddeb\ud83c\uddf7 Bordeaux<\/p>\n\n                                    <\/div>\n            <\/div>\n\n        <\/div>\n\n\t\t\t\t<\/div>\n\t\t\t\t<\/div>\n\t\t\t\t\t<\/div>\n\t\t<\/div>\n\t\t\t\t\t\t\t<\/div>\n\t\t<\/section>\n\t\t\t\t<section class=\"elementor-section elementor-top-section elementor-element elementor-element-vkt1dv8 elementor-section-boxed elementor-section-height-default elementor-section-height-default\" data-id=\"vkt1dv8\" data-element_type=\"section\">\n\t\t\t\t\t\t<div class=\"elementor-container elementor-column-gap-default\">\n\t\t\t\t\t<div class=\"elementor-column elementor-col-100 elementor-top-column elementor-element elementor-element-xo5h9bj\" data-id=\"xo5h9bj\" data-element_type=\"column\">\n\t\t\t<div class=\"elementor-widget-wrap elementor-element-populated\">\n\t\t\t\t\t\t\t\t<div class=\"elementor-element elementor-element-h6bnfn5 elementor-widget elementor-widget-spacer\" data-id=\"h6bnfn5\" data-element_type=\"widget\" data-widget_type=\"spacer.default\">\n\t\t\t\t<div class=\"elementor-widget-container\">\n\t\t\t\t\t<div class=\"elementor-spacer\">\n\t\t\t<div class=\"elementor-spacer-inner\"><\/div>\n\t\t<\/div>\n\t\t\t\t<\/div>\n\t\t\t\t<\/div>\n\t\t\t\t<div class=\"elementor-element elementor-element-j81sio5 elementor-widget elementor-widget-themo-blog\" data-id=\"j81sio5\" data-element_type=\"widget\" data-widget_type=\"themo-blog.default\">\n\t\t\t\t<div class=\"elementor-widget-container\">\n\t\t\t\n\t\t\t<section class=\"th-masonry-blog th-blog-3-col\">\n\n                <div class=\"mas-blog row\">\n                    <div class=\"mas-blog-post-sizer col-sm-6 col-md-4\"><\/div>\n\t\t\t\t\t\n\t\t\t\t\t\t\n\t\t\t\t\t\t<div class=\"mas-blog-post col-sm-6 col-md-4 post-799 post type-post status-publish format-standard has-post-thumbnail hentry category-uncategorized\">\n\t\t\t\t\t\t\t    \t\t<a href=\"https:\/\/planete-grands-crus.fr\/en\/2021\/02\/26\/chateau-mouton-rothschild-1954\/\">\n\t\t\t<img fetchpriority=\"high\" decoding=\"async\" width=\"394\" height=\"296\" src=\"https:\/\/planete-grands-crus.fr\/wp-content\/uploads\/2021\/02\/planete_grands_crus_blog_chateau_mouton_rothschild_2-394x296.jpg\" class=\"img-responsive wp-post-image\" alt=\"\" srcset=\"https:\/\/planete-grands-crus.fr\/wp-content\/uploads\/2021\/02\/planete_grands_crus_blog_chateau_mouton_rothschild_2-394x296.jpg 394w, https:\/\/planete-grands-crus.fr\/wp-content\/uploads\/2021\/02\/planete_grands_crus_blog_chateau_mouton_rothschild_2-300x225.jpg 300w, https:\/\/planete-grands-crus.fr\/wp-content\/uploads\/2021\/02\/planete_grands_crus_blog_chateau_mouton_rothschild_2-768x576.jpg 768w, https:\/\/planete-grands-crus.fr\/wp-content\/uploads\/2021\/02\/planete_grands_crus_blog_chateau_mouton_rothschild_2-93x70.jpg 93w, https:\/\/planete-grands-crus.fr\/wp-content\/uploads\/2021\/02\/planete_grands_crus_blog_chateau_mouton_rothschild_2-107x80.jpg 107w, https:\/\/planete-grands-crus.fr\/wp-content\/uploads\/2021\/02\/planete_grands_crus_blog_chateau_mouton_rothschild_2.jpg 800w\" sizes=\"(max-width: 394px) 100vw, 394px\" \/>    \t<\/a>\n    <div class=\"post-inner\">\n\n        <h3 class=\"post-title\"><a href=\"https:\/\/planete-grands-crus.fr\/en\/2021\/02\/26\/chateau-mouton-rothschild-1954\/\">Ch\u00e2teau Mouton Rothschild 1954<\/a><\/h3>\n    \t<div class=\"post-meta\">\n\t<span class=\"show-author\">Posted by <a href=\"https:\/\/planete-grands-crus.fr\/en\/author\/pgc_admin\/\" title=\"Posts by Plan\u00e8te Grands Crus\" rel=\"author\">Plan\u00e8te Grands Crus<\/a><\/span> <span class=\"show-comments\"><\/span>\n<\/div>\n\t            \t<div class=\"entry-content post-excerpt\">\n\t\t\t\t\t<p>Pauillac &#8211; 1er grand cru class\u00e9 Let me tell you a story : We were invited to a friend&#8217;s house at Cap Ferret for lunch, and we were the last to arrive. Standing proudly on the table was a magnum &hellip; <a href=\"https:\/\/planete-grands-crus.fr\/en\/2021\/02\/26\/chateau-mouton-rothschild-1954\/\">Read More<\/a><\/p>\n                <\/div>\n\t\t\t\t<div class=\"date-meta\">\n    <i class=\"xs-icon fa fa-calendar-o\"><\/i>\n    <time class=\"published\" datetime=\"2021-02-26T14:37:47+01:00\">26 February 2021<\/time>\n    <span class=\"is-sticky\">Featured Post<\/span>\n<\/div><\/div>\n\t\t\t\t\t\t<\/div>\n\n\t\t\t\t\t\n\t\t\t\t\t\t\n\t\t\t\t\t\t<div class=\"mas-blog-post col-sm-6 col-md-4 post-795 post type-post status-publish format-standard has-post-thumbnail hentry category-uncategorized\">\n\t\t\t\t\t\t\t    \t\t<a href=\"https:\/\/planete-grands-crus.fr\/en\/2021\/02\/26\/pignan-2009\/\">\n\t\t\t<img decoding=\"async\" width=\"394\" height=\"296\" src=\"https:\/\/planete-grands-crus.fr\/wp-content\/uploads\/2021\/02\/planete_grands_crus_blog_chateau_pignan-394x296.jpg\" class=\"img-responsive wp-post-image\" alt=\"\" srcset=\"https:\/\/planete-grands-crus.fr\/wp-content\/uploads\/2021\/02\/planete_grands_crus_blog_chateau_pignan-394x296.jpg 394w, https:\/\/planete-grands-crus.fr\/wp-content\/uploads\/2021\/02\/planete_grands_crus_blog_chateau_pignan-300x225.jpg 300w, https:\/\/planete-grands-crus.fr\/wp-content\/uploads\/2021\/02\/planete_grands_crus_blog_chateau_pignan-768x576.jpg 768w, https:\/\/planete-grands-crus.fr\/wp-content\/uploads\/2021\/02\/planete_grands_crus_blog_chateau_pignan-93x70.jpg 93w, https:\/\/planete-grands-crus.fr\/wp-content\/uploads\/2021\/02\/planete_grands_crus_blog_chateau_pignan-107x80.jpg 107w, https:\/\/planete-grands-crus.fr\/wp-content\/uploads\/2021\/02\/planete_grands_crus_blog_chateau_pignan.jpg 800w\" sizes=\"(max-width: 394px) 100vw, 394px\" \/>    \t<\/a>\n    <div class=\"post-inner\">\n\n        <h3 class=\"post-title\"><a href=\"https:\/\/planete-grands-crus.fr\/en\/2021\/02\/26\/pignan-2009\/\">Pignan 2009<\/a><\/h3>\n    \t<div class=\"post-meta\">\n\t<span class=\"show-author\">Posted by <a href=\"https:\/\/planete-grands-crus.fr\/en\/author\/pgc_admin\/\" title=\"Posts by Plan\u00e8te Grands Crus\" rel=\"author\">Plan\u00e8te Grands Crus<\/a><\/span> <span class=\"show-comments\"><\/span>\n<\/div>\n\t            \t<div class=\"entry-content post-excerpt\">\n\t\t\t\t\t<p>Ch\u00e2teauneuf du Pape One day, a friend of mine said to me &#8220;Rayas is my favourite wine&#8221;. One day, another friend said to me &#8220;Rayas is my favourite wine&#8221;. One day, a friend said to me &#8220;I have a Rayas &hellip; <a href=\"https:\/\/planete-grands-crus.fr\/en\/2021\/02\/26\/pignan-2009\/\">Read More<\/a><\/p>\n                <\/div>\n\t\t\t\t<div class=\"date-meta\">\n    <i class=\"xs-icon fa fa-calendar-o\"><\/i>\n    <time class=\"published\" datetime=\"2021-02-26T14:30:18+01:00\">26 February 2021<\/time>\n    <span class=\"is-sticky\">Featured Post<\/span>\n<\/div><\/div>\n\t\t\t\t\t\t<\/div>\n\n\t\t\t\t\t\n\t\t\t\t\t\t\n\t\t\t\t\t\t<div class=\"mas-blog-post col-sm-6 col-md-4 post-791 post type-post status-publish format-standard has-post-thumbnail hentry category-uncategorized\">\n\t\t\t\t\t\t\t    \t\t<a href=\"https:\/\/planete-grands-crus.fr\/en\/2021\/02\/26\/chateau-dassault-2010\/\">\n\t\t\t<img decoding=\"async\" width=\"394\" height=\"296\" src=\"https:\/\/planete-grands-crus.fr\/wp-content\/uploads\/2021\/02\/planete_grands_crus_blog_chateau_dassault-394x296.jpg\" class=\"img-responsive wp-post-image\" alt=\"\" srcset=\"https:\/\/planete-grands-crus.fr\/wp-content\/uploads\/2021\/02\/planete_grands_crus_blog_chateau_dassault-394x296.jpg 394w, https:\/\/planete-grands-crus.fr\/wp-content\/uploads\/2021\/02\/planete_grands_crus_blog_chateau_dassault-300x225.jpg 300w, https:\/\/planete-grands-crus.fr\/wp-content\/uploads\/2021\/02\/planete_grands_crus_blog_chateau_dassault-768x576.jpg 768w, https:\/\/planete-grands-crus.fr\/wp-content\/uploads\/2021\/02\/planete_grands_crus_blog_chateau_dassault-93x70.jpg 93w, https:\/\/planete-grands-crus.fr\/wp-content\/uploads\/2021\/02\/planete_grands_crus_blog_chateau_dassault-107x80.jpg 107w, https:\/\/planete-grands-crus.fr\/wp-content\/uploads\/2021\/02\/planete_grands_crus_blog_chateau_dassault.jpg 800w\" sizes=\"(max-width: 394px) 100vw, 394px\" \/>    \t<\/a>\n    <div class=\"post-inner\">\n\n        <h3 class=\"post-title\"><a href=\"https:\/\/planete-grands-crus.fr\/en\/2021\/02\/26\/chateau-dassault-2010\/\">Ch\u00e2teau Dassault 2010<\/a><\/h3>\n    \t<div class=\"post-meta\">\n\t<span class=\"show-author\">Posted by <a href=\"https:\/\/planete-grands-crus.fr\/en\/author\/pgc_admin\/\" title=\"Posts by Plan\u00e8te Grands Crus\" rel=\"author\">Plan\u00e8te Grands Crus<\/a><\/span> <span class=\"show-comments\"><\/span>\n<\/div>\n\t            \t<div class=\"entry-content post-excerpt\">\n\t\t\t\t\t<p>Saint \u00c9milion Grand Cru &#8211; Grand Cru Class\u00e9 In my collection : 10 years I&#8217;ve been saving this nectar that my father gave me when he gave me one of his first primeur orders.10 years was a long time, but &hellip; <a href=\"https:\/\/planete-grands-crus.fr\/en\/2021\/02\/26\/chateau-dassault-2010\/\">Read More<\/a><\/p>\n                <\/div>\n\t\t\t\t<div class=\"date-meta\">\n    <i class=\"xs-icon fa fa-calendar-o\"><\/i>\n    <time class=\"published\" datetime=\"2021-02-26T14:26:34+01:00\">26 February 2021<\/time>\n    <span class=\"is-sticky\">Featured Post<\/span>\n<\/div><\/div>\n\t\t\t\t\t\t<\/div>\n\n\t\t\t\t\t\n\t\t\t\t\t\t\n\t\t\t\t\t\t<div class=\"mas-blog-post col-sm-6 col-md-4 post-787 post type-post status-publish format-standard has-post-thumbnail hentry category-uncategorized\">\n\t\t\t\t\t\t\t    \t\t<a href=\"https:\/\/planete-grands-crus.fr\/en\/2021\/02\/26\/creme-liqueur-au-cognac\/\">\n\t\t\t<img loading=\"lazy\" decoding=\"async\" width=\"394\" height=\"296\" src=\"https:\/\/planete-grands-crus.fr\/wp-content\/uploads\/2021\/02\/planete_grands_crus_blog_creme_liqueur_cognac_by_braastad-394x296.jpg\" class=\"img-responsive wp-post-image\" alt=\"\" srcset=\"https:\/\/planete-grands-crus.fr\/wp-content\/uploads\/2021\/02\/planete_grands_crus_blog_creme_liqueur_cognac_by_braastad-394x296.jpg 394w, https:\/\/planete-grands-crus.fr\/wp-content\/uploads\/2021\/02\/planete_grands_crus_blog_creme_liqueur_cognac_by_braastad-300x226.jpg 300w, https:\/\/planete-grands-crus.fr\/wp-content\/uploads\/2021\/02\/planete_grands_crus_blog_creme_liqueur_cognac_by_braastad-768x577.jpg 768w, https:\/\/planete-grands-crus.fr\/wp-content\/uploads\/2021\/02\/planete_grands_crus_blog_creme_liqueur_cognac_by_braastad-93x70.jpg 93w, https:\/\/planete-grands-crus.fr\/wp-content\/uploads\/2021\/02\/planete_grands_crus_blog_creme_liqueur_cognac_by_braastad-106x80.jpg 106w, https:\/\/planete-grands-crus.fr\/wp-content\/uploads\/2021\/02\/planete_grands_crus_blog_creme_liqueur_cognac_by_braastad.jpg 798w\" sizes=\"(max-width: 394px) 100vw, 394px\" \/>    \t<\/a>\n    <div class=\"post-inner\">\n\n        <h3 class=\"post-title\"><a href=\"https:\/\/planete-grands-crus.fr\/en\/2021\/02\/26\/creme-liqueur-au-cognac\/\">Cr\u00e8me liqueur au Cognac<\/a><\/h3>\n    \t<div class=\"post-meta\">\n\t<span class=\"show-author\">Posted by <a href=\"https:\/\/planete-grands-crus.fr\/en\/author\/pgc_admin\/\" title=\"Posts by Plan\u00e8te Grands Crus\" rel=\"author\">Plan\u00e8te Grands Crus<\/a><\/span> <span class=\"show-comments\"><\/span>\n<\/div>\n\t            \t<div class=\"entry-content post-excerpt\">\n\t\t\t\t\t<p>By Braastad : The first time I met Edouard, the feeling went straight away. He&#8217;s the kind of person who makes you feel comfortable and with whom you&#8217;re going to have a great time. After a few Cognac creams and &hellip; <a href=\"https:\/\/planete-grands-crus.fr\/en\/2021\/02\/26\/creme-liqueur-au-cognac\/\">Read More<\/a><\/p>\n                <\/div>\n\t\t\t\t<div class=\"date-meta\">\n    <i class=\"xs-icon fa fa-calendar-o\"><\/i>\n    <time class=\"published\" datetime=\"2021-02-26T14:22:09+01:00\">26 February 2021<\/time>\n    <span class=\"is-sticky\">Featured Post<\/span>\n<\/div><\/div>\n\t\t\t\t\t\t<\/div>\n\n\t\t\t\t\t\n\t\t\t\t\t\t\n\t\t\t\t\t\t<div class=\"mas-blog-post col-sm-6 col-md-4 post-781 post type-post status-publish format-standard has-post-thumbnail hentry category-uncategorized\">\n\t\t\t\t\t\t\t    \t\t<a href=\"https:\/\/planete-grands-crus.fr\/en\/2021\/02\/26\/ch-magrez-fombrauge-blanc-2015\/\">\n\t\t\t<img loading=\"lazy\" decoding=\"async\" width=\"394\" height=\"296\" src=\"https:\/\/planete-grands-crus.fr\/wp-content\/uploads\/2021\/02\/planete_grands_crus_blog_chateau_magrez_fombrauge_blanc-394x296.jpg\" class=\"img-responsive wp-post-image\" alt=\"\" srcset=\"https:\/\/planete-grands-crus.fr\/wp-content\/uploads\/2021\/02\/planete_grands_crus_blog_chateau_magrez_fombrauge_blanc-394x296.jpg 394w, https:\/\/planete-grands-crus.fr\/wp-content\/uploads\/2021\/02\/planete_grands_crus_blog_chateau_magrez_fombrauge_blanc-300x225.jpg 300w, https:\/\/planete-grands-crus.fr\/wp-content\/uploads\/2021\/02\/planete_grands_crus_blog_chateau_magrez_fombrauge_blanc-768x576.jpg 768w, https:\/\/planete-grands-crus.fr\/wp-content\/uploads\/2021\/02\/planete_grands_crus_blog_chateau_magrez_fombrauge_blanc-93x70.jpg 93w, https:\/\/planete-grands-crus.fr\/wp-content\/uploads\/2021\/02\/planete_grands_crus_blog_chateau_magrez_fombrauge_blanc-107x80.jpg 107w, https:\/\/planete-grands-crus.fr\/wp-content\/uploads\/2021\/02\/planete_grands_crus_blog_chateau_magrez_fombrauge_blanc.jpg 800w\" sizes=\"(max-width: 394px) 100vw, 394px\" \/>    \t<\/a>\n    <div class=\"post-inner\">\n\n        <h3 class=\"post-title\"><a href=\"https:\/\/planete-grands-crus.fr\/en\/2021\/02\/26\/ch-magrez-fombrauge-blanc-2015\/\">Ch. Magrez Fombrauge blanc 2015<\/a><\/h3>\n    \t<div class=\"post-meta\">\n\t<span class=\"show-author\">Posted by <a href=\"https:\/\/planete-grands-crus.fr\/en\/author\/pgc_admin\/\" title=\"Posts by Plan\u00e8te Grands Crus\" rel=\"author\">Plan\u00e8te Grands Crus<\/a><\/span> <span class=\"show-comments\"><\/span>\n<\/div>\n\t            \t<div class=\"entry-content post-excerpt\">\n\t\t\t\t\t<p>Bordeaux Blanc In the shellfish and crustaceans series : White in Saint Emilion? Well yes, it does exist !You are necessarily downgraded to white Bordeaux, but the terroir of great wines is very present. And we can&#8217;t change that. What &hellip; <a href=\"https:\/\/planete-grands-crus.fr\/en\/2021\/02\/26\/ch-magrez-fombrauge-blanc-2015\/\">Read More<\/a><\/p>\n                <\/div>\n\t\t\t\t<div class=\"date-meta\">\n    <i class=\"xs-icon fa fa-calendar-o\"><\/i>\n    <time class=\"published\" datetime=\"2021-02-26T14:19:36+01:00\">26 February 2021<\/time>\n    <span class=\"is-sticky\">Featured Post<\/span>\n<\/div><\/div>\n\t\t\t\t\t\t<\/div>\n\n\t\t\t\t\t\n                    \n\t\t\t\t<\/div>\n                \n\t\t\t<\/section>\n\t\t\t\t\t<\/div>\n\t\t\t\t<\/div>\n\t\t\t\t<div class=\"elementor-element elementor-element-48r7spq elementor-widget elementor-widget-spacer\" data-id=\"48r7spq\" data-element_type=\"widget\" data-widget_type=\"spacer.default\">\n\t\t\t\t<div class=\"elementor-widget-container\">\n\t\t\t\t\t<div class=\"elementor-spacer\">\n\t\t\t<div class=\"elementor-spacer-inner\"><\/div>\n\t\t<\/div>\n\t\t\t\t<\/div>\n\t\t\t\t<\/div>\n\t\t\t\t\t<\/div>\n\t\t<\/div>\n\t\t\t\t\t\t\t<\/div>\n\t\t<\/section>\n\t\t\t\t\t\t\t<\/div>\n\t\t","protected":false},"excerpt":{"rendered":"<p>Vin et coquetterie by Flovy &amp; Gigi @vin_et_coquetterie \ud83c\udf77Wine anecdotes \ud83e\udd9e Wine &amp; Food Lovers \ud83d\ude81 Exclusive Wine Tour \ud83c\uddeb\ud83c\uddf7 Bordeaux Cr\u00e8me liqueur au Cognac Publi\u00e9 par Plan\u00e8te Grands Crus By Braastad : La premi\u00e8re fois que j\u2019ai rencontr\u00e9 Edouard, &hellip; <a href=\"https:\/\/planete-grands-crus.fr\/en\/2021\/02\/26\/chateau-mouton-rothschild-1954\/\">Read More<\/a><\/p>\n","protected":false},"author":1,"featured_media":0,"parent":0,"menu_order":11,"comment_status":"closed","ping_status":"closed","template":"","meta":{"footnotes":""},"class_list":["post-803","page","type-page","status-publish","hentry"],"_links":{"self":[{"href":"https:\/\/planete-grands-crus.fr\/en\/wp-json\/wp\/v2\/pages\/803","targetHints":{"allow":["GET"]}}],"collection":[{"href":"https:\/\/planete-grands-crus.fr\/en\/wp-json\/wp\/v2\/pages"}],"about":[{"href":"https:\/\/planete-grands-crus.fr\/en\/wp-json\/wp\/v2\/types\/page"}],"author":[{"embeddable":true,"href":"https:\/\/planete-grands-crus.fr\/en\/wp-json\/wp\/v2\/users\/1"}],"replies":[{"embeddable":true,"href":"https:\/\/planete-grands-crus.fr\/en\/wp-json\/wp\/v2\/comments?post=803"}],"version-history":[{"count":3,"href":"https:\/\/planete-grands-crus.fr\/en\/wp-json\/wp\/v2\/pages\/803\/revisions"}],"predecessor-version":[{"id":806,"href":"https:\/\/planete-grands-crus.fr\/en\/wp-json\/wp\/v2\/pages\/803\/revisions\/806"}],"wp:attachment":[{"href":"https:\/\/planete-grands-crus.fr\/en\/wp-json\/wp\/v2\/media?parent=803"}],"curies":[{"name":"wp","href":"https:\/\/api.w.org\/{rel}","templated":true}]}}